{"id":1732,"date":"2024-09-11T17:56:59","date_gmt":"2024-09-11T16:56:59","guid":{"rendered":"https:\/\/rg-hinterlengenberg.de\/?page_id=1732"},"modified":"2024-09-11T18:19:25","modified_gmt":"2024-09-11T17:19:25","slug":"reitunterricht","status":"publish","type":"page","link":"https:\/\/rg-hinterlengenberg.de\/?page_id=1732","title":{"rendered":"Reitunterricht"},"content":{"rendered":"\n<h4>Reitlehrer Thomas K\u00f6niger<\/h4>\n<p>\u00a0<\/p>\n<h4>Wir bieten folgende Leistungen an:<\/h4>\n<p>Longenstunden\u00a0<\/p>\n<p>Einzelstunden f\u00fcr Anf\u00e4nger<\/p>\n<p>Einzelstunden f\u00fcr Fortgeschrittene<\/p>\n<p>Gruppenstunden f\u00fcr Fortgeschrittene<\/p>\n<p>\u00a0<\/p>\n<p>Bitte Kontaktieren Sie hierzu Thomas K\u00f6niger direkt unter 0172 \/ 7357426<\/p>\n<h4>Unsere Schulpferde:<\/h4>\n<p>\u00a0<\/p>\n<div id=\"attachment_1755\" style=\"width: 910px\" class=\"wp-caption alignnone\"><img data-recalc-dims=\"1\" loading=\"lazy\" decoding=\"async\" aria-describedby=\"caption-attachment-1755\" data-attachment-id=\"1755\" data-permalink=\"https:\/\/rg-hinterlengenberg.de\/?attachment_id=1755\" data-orig-file=\"https:\/\/i0.wp.com\/rg-hinterlengenberg.de\/wp-content\/uploads\/2024\/09\/WhatsApp-Image-2024-08-12-at-12.09.13.jpeg?fit=1600%2C1200&amp;ssl=1\" data-orig-size=\"1600,1200\" data-comments-opened=\"0\" data-image-meta=\"{&quot;aperture&quot;:&quot;0&quot;,&quot;credit&quot;:&quot;&quot;,&quot;camera&quot;:&quot;&quot;,&quot;caption&quot;:&quot;&quot;,&quot;created_timestamp&quot;:&quot;0&quot;,&quot;copyright&quot;:&quot;&quot;,&quot;focal_length&quot;:&quot;0&quot;,&quot;iso&quot;:&quot;0&quot;,&quot;shutter_speed&quot;:&quot;0&quot;,&quot;title&quot;:&quot;&quot;,&quot;orientation&quot;:&quot;0&quot;}\" data-image-title=\"Guni\" data-image-description=\"\" data-image-caption=\"\" data-large-file=\"https:\/\/i0.wp.com\/rg-hinterlengenberg.de\/wp-content\/uploads\/2024\/09\/WhatsApp-Image-2024-08-12-at-12.09.13.jpeg?fit=900%2C675&amp;ssl=1\" class=\"wp-image-1755 size-large\" src=\"https:\/\/i0.wp.com\/rg-hinterlengenberg.de\/wp-content\/uploads\/2024\/09\/WhatsApp-Image-2024-08-12-at-12.09.13.jpeg?resize=900%2C675\" alt=\"\" width=\"900\" height=\"675\" srcset=\"https:\/\/i0.wp.com\/rg-hinterlengenberg.de\/wp-content\/uploads\/2024\/09\/WhatsApp-Image-2024-08-12-at-12.09.13.jpeg?resize=1024%2C768&amp;ssl=1 1024w, https:\/\/i0.wp.com\/rg-hinterlengenberg.de\/wp-content\/uploads\/2024\/09\/WhatsApp-Image-2024-08-12-at-12.09.13.jpeg?resize=300%2C225&amp;ssl=1 300w, https:\/\/i0.wp.com\/rg-hinterlengenberg.de\/wp-content\/uploads\/2024\/09\/WhatsApp-Image-2024-08-12-at-12.09.13.jpeg?resize=768%2C576&amp;ssl=1 768w, https:\/\/i0.wp.com\/rg-hinterlengenberg.de\/wp-content\/uploads\/2024\/09\/WhatsApp-Image-2024-08-12-at-12.09.13.jpeg?resize=1536%2C1152&amp;ssl=1 1536w, https:\/\/i0.wp.com\/rg-hinterlengenberg.de\/wp-content\/uploads\/2024\/09\/WhatsApp-Image-2024-08-12-at-12.09.13.jpeg?w=1600&amp;ssl=1 1600w\" sizes=\"auto, (max-width: 900px) 100vw, 900px\" \/><p id=\"caption-attachment-1755\" class=\"wp-caption-text\">Guni<\/p><\/div>\n<div id=\"attachment_1753\" style=\"width: 910px\" class=\"wp-caption alignnone\"><img data-recalc-dims=\"1\" loading=\"lazy\" decoding=\"async\" aria-describedby=\"caption-attachment-1753\" data-attachment-id=\"1753\" data-permalink=\"https:\/\/rg-hinterlengenberg.de\/?attachment_id=1753\" data-orig-file=\"https:\/\/i0.wp.com\/rg-hinterlengenberg.de\/wp-content\/uploads\/2024\/09\/WhatsApp-Image-2024-08-12-at-12.09.13-1-e1726074795352.jpeg?fit=1288%2C1090&amp;ssl=1\" data-orig-size=\"1288,1090\" data-comments-opened=\"0\" data-image-meta=\"{&quot;aperture&quot;:&quot;0&quot;,&quot;credit&quot;:&quot;&quot;,&quot;camera&quot;:&quot;&quot;,&quot;caption&quot;:&quot;&quot;,&quot;created_timestamp&quot;:&quot;0&quot;,&quot;copyright&quot;:&quot;&quot;,&quot;focal_length&quot;:&quot;0&quot;,&quot;iso&quot;:&quot;0&quot;,&quot;shutter_speed&quot;:&quot;0&quot;,&quot;title&quot;:&quot;&quot;,&quot;orientation&quot;:&quot;0&quot;}\" data-image-title=\"Dropi\" data-image-description=\"\" data-image-caption=\"\" data-large-file=\"https:\/\/i0.wp.com\/rg-hinterlengenberg.de\/wp-content\/uploads\/2024\/09\/WhatsApp-Image-2024-08-12-at-12.09.13-1-e1726074795352.jpeg?fit=900%2C762&amp;ssl=1\" class=\"wp-image-1753 size-large\" src=\"https:\/\/i0.wp.com\/rg-hinterlengenberg.de\/wp-content\/uploads\/2024\/09\/WhatsApp-Image-2024-08-12-at-12.09.13-1-e1726074795352-1024x867.jpeg?resize=900%2C762\" alt=\"\" width=\"900\" height=\"762\" srcset=\"https:\/\/i0.wp.com\/rg-hinterlengenberg.de\/wp-content\/uploads\/2024\/09\/WhatsApp-Image-2024-08-12-at-12.09.13-1-e1726074795352.jpeg?resize=1024%2C867&amp;ssl=1 1024w, https:\/\/i0.wp.com\/rg-hinterlengenberg.de\/wp-content\/uploads\/2024\/09\/WhatsApp-Image-2024-08-12-at-12.09.13-1-e1726074795352.jpeg?resize=300%2C254&amp;ssl=1 300w, https:\/\/i0.wp.com\/rg-hinterlengenberg.de\/wp-content\/uploads\/2024\/09\/WhatsApp-Image-2024-08-12-at-12.09.13-1-e1726074795352.jpeg?resize=768%2C650&amp;ssl=1 768w, https:\/\/i0.wp.com\/rg-hinterlengenberg.de\/wp-content\/uploads\/2024\/09\/WhatsApp-Image-2024-08-12-at-12.09.13-1-e1726074795352.jpeg?w=1288&amp;ssl=1 1288w\" sizes=\"auto, (max-width: 900px) 100vw, 900px\" \/><p id=\"caption-attachment-1753\" class=\"wp-caption-text\">Dropi<\/p><\/div>\n<div id=\"attachment_1758\" style=\"width: 780px\" class=\"wp-caption alignnone\"><img data-recalc-dims=\"1\" loading=\"lazy\" decoding=\"async\" aria-describedby=\"caption-attachment-1758\" data-attachment-id=\"1758\" data-permalink=\"https:\/\/rg-hinterlengenberg.de\/?attachment_id=1758\" data-orig-file=\"https:\/\/i0.wp.com\/rg-hinterlengenberg.de\/wp-content\/uploads\/2024\/09\/WhatsApp-Image-2024-08-29-at-12.52.56.jpeg?fit=1170%2C1555&amp;ssl=1\" data-orig-size=\"1170,1555\" data-comments-opened=\"0\" data-image-meta=\"{&quot;aperture&quot;:&quot;0&quot;,&quot;credit&quot;:&quot;&quot;,&quot;camera&quot;:&quot;&quot;,&quot;caption&quot;:&quot;&quot;,&quot;created_timestamp&quot;:&quot;0&quot;,&quot;copyright&quot;:&quot;&quot;,&quot;focal_length&quot;:&quot;0&quot;,&quot;iso&quot;:&quot;0&quot;,&quot;shutter_speed&quot;:&quot;0&quot;,&quot;title&quot;:&quot;&quot;,&quot;orientation&quot;:&quot;0&quot;}\" data-image-title=\"WhatsApp Image 2024-08-29 at 12.52.56\" data-image-description=\"\" data-image-caption=\"\" data-large-file=\"https:\/\/i0.wp.com\/rg-hinterlengenberg.de\/wp-content\/uploads\/2024\/09\/WhatsApp-Image-2024-08-29-at-12.52.56.jpeg?fit=770%2C1024&amp;ssl=1\" class=\"wp-image-1758 size-large\" src=\"https:\/\/i0.wp.com\/rg-hinterlengenberg.de\/wp-content\/uploads\/2024\/09\/WhatsApp-Image-2024-08-29-at-12.52.56.jpeg?resize=770%2C1024\" alt=\"\" width=\"770\" height=\"1024\" srcset=\"https:\/\/i0.wp.com\/rg-hinterlengenberg.de\/wp-content\/uploads\/2024\/09\/WhatsApp-Image-2024-08-29-at-12.52.56.jpeg?resize=770%2C1024&amp;ssl=1 770w, https:\/\/i0.wp.com\/rg-hinterlengenberg.de\/wp-content\/uploads\/2024\/09\/WhatsApp-Image-2024-08-29-at-12.52.56.jpeg?resize=226%2C300&amp;ssl=1 226w, https:\/\/i0.wp.com\/rg-hinterlengenberg.de\/wp-content\/uploads\/2024\/09\/WhatsApp-Image-2024-08-29-at-12.52.56.jpeg?resize=768%2C1021&amp;ssl=1 768w, https:\/\/i0.wp.com\/rg-hinterlengenberg.de\/wp-content\/uploads\/2024\/09\/WhatsApp-Image-2024-08-29-at-12.52.56.jpeg?resize=1156%2C1536&amp;ssl=1 1156w, https:\/\/i0.wp.com\/rg-hinterlengenberg.de\/wp-content\/uploads\/2024\/09\/WhatsApp-Image-2024-08-29-at-12.52.56.jpeg?w=1170&amp;ssl=1 1170w\" sizes=\"auto, (max-width: 770px) 100vw, 770px\" \/><p id=\"caption-attachment-1758\" class=\"wp-caption-text\">Lordi<\/p><\/div>\n<h4>\u00a0<\/h4>\n<h4 style=\"text-align: center;\">\u00a0<\/h4>\n\n\n","protected":false},"excerpt":{"rendered":"<p>Reitlehrer Thomas K\u00f6niger \u00a0 Wir bieten folgende Leistungen an: Longenstunden\u00a0 Einzelstunden f\u00fcr Anf\u00e4nger Einzelstunden f\u00fcr Fortgeschrittene Gruppenstunden f\u00fcr Fortgeschrittene \u00a0 Bitte Kontaktieren Sie hierzu Thomas K\u00f6niger direkt unter 0172 \/ 7357426 Unsere Schulpferde: \u00a0 \u00a0 \u00a0<\/p>\n","protected":false},"author":3,"featured_media":0,"parent":0,"menu_order":0,"comment_status":"closed","ping_status":"closed","template":"","meta":{"footnotes":""},"class_list":["post-1732","page","type-page","status-publish","hentry"],"jetpack_sharing_enabled":true,"jetpack_shortlink":"https:\/\/wp.me\/P8CHTG-rW","_links":{"self":[{"href":"https:\/\/rg-hinterlengenberg.de\/index.php?rest_route=\/wp\/v2\/pages\/1732","targetHints":{"allow":["GET"]}}],"collection":[{"href":"https:\/\/rg-hinterlengenberg.de\/index.php?rest_route=\/wp\/v2\/pages"}],"about":[{"href":"https:\/\/rg-hinterlengenberg.de\/index.php?rest_route=\/wp\/v2\/types\/page"}],"author":[{"embeddable":true,"href":"https:\/\/rg-hinterlengenberg.de\/index.php?rest_route=\/wp\/v2\/users\/3"}],"replies":[{"embeddable":true,"href":"https:\/\/rg-hinterlengenberg.de\/index.php?rest_route=%2Fwp%2Fv2%2Fcomments&post=1732"}],"version-history":[{"count":6,"href":"https:\/\/rg-hinterlengenberg.de\/index.php?rest_route=\/wp\/v2\/pages\/1732\/revisions"}],"predecessor-version":[{"id":1759,"href":"https:\/\/rg-hinterlengenberg.de\/index.php?rest_route=\/wp\/v2\/pages\/1732\/revisions\/1759"}],"wp:attachment":[{"href":"https:\/\/rg-hinterlengenberg.de\/index.php?rest_route=%2Fwp%2Fv2%2Fmedia&parent=1732"}],"curies":[{"name":"wp","href":"https:\/\/api.w.org\/{rel}","templated":true}]}}