{"id":2,"date":"2016-05-10T03:48:21","date_gmt":"2016-05-10T02:48:21","guid":{"rendered":"http:\/\/rg-hinterlengenberg.de\/?page_id=2"},"modified":"2024-09-11T18:27:36","modified_gmt":"2024-09-11T17:27:36","slug":"sample-page","status":"publish","type":"page","link":"https:\/\/rg-hinterlengenberg.de\/?page_id=2","title":{"rendered":"Herzlich Willkommen"},"content":{"rendered":"<p style=\"text-align: left;\"><span style=\"font-size: 14pt;\">auf der Webseite der Reitgemeinschaft Hinterlengenberg und Umgebung e.V. Der Vereinssitz liegt idyllisch am Rand von Ellwangen, im beschaulichen Hinterlengenberg auf dem Reiterhof der Familie K\u00f6niger. Die Familie K\u00f6niger offeriert Einstellpl\u00e4tze f\u00fcr Freizeitpferde, Sportpferde, Rentnerpferde und Fohlen. Die Anlage verf\u00fcgt \u00fcber mehrere Innen- und Paddockboxen sowie einen kleinen Offenstall, womit sie eine breite Palette an Unterbringungsm\u00f6glichkeiten bietet. Das wundersch\u00f6ne Ausreitgel\u00e4nde im Wald mit seinen Seen zieht Turnierreiter wie auch Freizeitreiter gleicherma\u00dfen an.<\/span><\/p>\n<p>Die Reitanlage bietet folgende M\u00f6glichkeiten:<\/p>\n<p style=\"text-align: left;\">1 gro\u00dfe Reithalle 60 x 20<\/p>\n<p style=\"text-align: left;\">1 kleine Reithalle 35 x 15<\/p>\n<p style=\"text-align: left;\">1 gro\u00dfer Reitplatz 80 x 30<\/p>\n<p style=\"text-align: left;\">1 F\u00fchranlage<\/p>\n<p style=\"text-align: left;\">1 Solarium<\/p>\n<p style=\"text-align: left;\">Koppeln<\/p>\n","protected":false},"excerpt":{"rendered":"<p>auf der Webseite der Reitgemeinschaft Hinterlengenberg und Umgebung e.V. Der Vereinssitz liegt idyllisch am Rand von Ellwangen, im beschaulichen Hinterlengenberg auf dem Reiterhof der Familie K\u00f6niger. Die Familie K\u00f6niger offeriert Einstellpl\u00e4tze f\u00fcr Freizeitpferde, Sportpferde, Rentnerpferde und Fohlen. Die Anlage verf\u00fcgt &hellip;<\/p>\n<p><a href=\"https:\/\/rg-hinterlengenberg.de\/?page_id=2\">Continue Reading<span class=\"meta-nav\">&rarr;<\/span><\/a><\/p>\n","protected":false},"author":3,"featured_media":0,"parent":0,"menu_order":0,"comment_status":"closed","ping_status":"closed","template":"page-templates\/PageTemplate_page.php","meta":{"footnotes":""},"class_list":["post-2","page","type-page","status-publish","hentry"],"jetpack_sharing_enabled":true,"jetpack_shortlink":"https:\/\/wp.me\/P8CHTG-2","_links":{"self":[{"href":"https:\/\/rg-hinterlengenberg.de\/index.php?rest_route=\/wp\/v2\/pages\/2","targetHints":{"allow":["GET"]}}],"collection":[{"href":"https:\/\/rg-hinterlengenberg.de\/index.php?rest_route=\/wp\/v2\/pages"}],"about":[{"href":"https:\/\/rg-hinterlengenberg.de\/index.php?rest_route=\/wp\/v2\/types\/page"}],"author":[{"embeddable":true,"href":"https:\/\/rg-hinterlengenberg.de\/index.php?rest_route=\/wp\/v2\/users\/3"}],"replies":[{"embeddable":true,"href":"https:\/\/rg-hinterlengenberg.de\/index.php?rest_route=%2Fwp%2Fv2%2Fcomments&post=2"}],"version-history":[{"count":44,"href":"https:\/\/rg-hinterlengenberg.de\/index.php?rest_route=\/wp\/v2\/pages\/2\/revisions"}],"predecessor-version":[{"id":1764,"href":"https:\/\/rg-hinterlengenberg.de\/index.php?rest_route=\/wp\/v2\/pages\/2\/revisions\/1764"}],"wp:attachment":[{"href":"https:\/\/rg-hinterlengenberg.de\/index.php?rest_route=%2Fwp%2Fv2%2Fmedia&parent=2"}],"curies":[{"name":"wp","href":"https:\/\/api.w.org\/{rel}","templated":true}]}}