{"id":558,"date":"2018-05-12T20:27:26","date_gmt":"2018-05-12T19:27:26","guid":{"rendered":"http:\/\/rg-hinterlengenberg.de\/?page_id=558"},"modified":"2018-06-17T14:13:35","modified_gmt":"2018-06-17T13:13:35","slug":"downloads-2","status":"publish","type":"page","link":"https:\/\/rg-hinterlengenberg.de\/?page_id=558","title":{"rendered":"Downloads"},"content":{"rendered":"<p>Die folgenden Formulare im PDF-Format k\u00f6nnen aktuell von unserer Seite heruntergeladen werden:<\/p>\n<p><a href=\"http:\/\/rg-hinterlengenberg.de\/wp-content\/uploads\/2017\/04\/Satzung.pdf\" target=\"_blank\" rel=\"noopener\">Vereinssatzung<\/a><\/p>\n<p>&nbsp;<\/p>\n<p><a href=\"http:\/\/rg-hinterlengenberg.de\/wp-content\/uploads\/2018\/05\/doc03145520180509072041-1.pdf\">Mitgliedserkl\u00e4rung Seite 1<\/a><\/p>\n<p>&nbsp;<\/p>\n<p><a href=\"http:\/\/rg-hinterlengenberg.de\/wp-content\/uploads\/2018\/05\/doc03145620180509072055-1.pdf\">Mitgliedserkl\u00e4rung Seite 2\u00a0 <\/a><\/p>\n","protected":false},"excerpt":{"rendered":"<p>Die folgenden Formulare im PDF-Format k\u00f6nnen aktuell von unserer Seite heruntergeladen werden: Vereinssatzung &nbsp; Mitgliedserkl\u00e4rung Seite 1 &nbsp; Mitgliedserkl\u00e4rung Seite 2\u00a0<\/p>\n","protected":false},"author":3,"featured_media":0,"parent":0,"menu_order":0,"comment_status":"closed","ping_status":"closed","template":"","meta":{"footnotes":""},"class_list":["post-558","page","type-page","status-publish","hentry"],"jetpack_sharing_enabled":true,"jetpack_shortlink":"https:\/\/wp.me\/P8CHTG-90","_links":{"self":[{"href":"https:\/\/rg-hinterlengenberg.de\/index.php?rest_route=\/wp\/v2\/pages\/558","targetHints":{"allow":["GET"]}}],"collection":[{"href":"https:\/\/rg-hinterlengenberg.de\/index.php?rest_route=\/wp\/v2\/pages"}],"about":[{"href":"https:\/\/rg-hinterlengenberg.de\/index.php?rest_route=\/wp\/v2\/types\/page"}],"author":[{"embeddable":true,"href":"https:\/\/rg-hinterlengenberg.de\/index.php?rest_route=\/wp\/v2\/users\/3"}],"replies":[{"embeddable":true,"href":"https:\/\/rg-hinterlengenberg.de\/index.php?rest_route=%2Fwp%2Fv2%2Fcomments&post=558"}],"version-history":[{"count":7,"href":"https:\/\/rg-hinterlengenberg.de\/index.php?rest_route=\/wp\/v2\/pages\/558\/revisions"}],"predecessor-version":[{"id":1379,"href":"https:\/\/rg-hinterlengenberg.de\/index.php?rest_route=\/wp\/v2\/pages\/558\/revisions\/1379"}],"wp:attachment":[{"href":"https:\/\/rg-hinterlengenberg.de\/index.php?rest_route=%2Fwp%2Fv2%2Fmedia&parent=558"}],"curies":[{"name":"wp","href":"https:\/\/api.w.org\/{rel}","templated":true}]}}